{"id":2,"date":"2024-06-03T07:42:56","date_gmt":"2024-06-03T07:42:56","guid":{"rendered":"https:\/\/lilytrinh.com\/?page_id=2"},"modified":"2024-06-03T11:10:49","modified_gmt":"2024-06-03T11:10:49","slug":"sample-page","status":"publish","type":"page","link":"https:\/\/lilytrinh.com\/?page_id=2","title":{"rendered":"Gi\u1edbi thi\u1ec7u"},"content":{"rendered":"\n<p>Blog chia s\u1ebb v\u1ec1 h\u00e0nh tr\u00ecnh l\u00e0m sales logistics.<\/p>\n\n\n\n<p>V\u00e0 qu\u00e1 tr\u00ecnh chuy\u1ec3n ho\u00e1 nh\u1eadn th\u1ee9c, qu\u00e1 tr\u00ecnh h\u1ecdc h\u1ecfi kh\u00e1m ph\u00e1 ngh\u1ec1 qu\u1ea3n l\u00fd.<\/p>\n\n\n\n<p>Ho\u00e0n thi\u1ec7n b\u1ea3n th\u00e2n.<\/p>\n\n\n\n<p>T\u1eed t\u1ebf v\u00e0 khi\u00eam nh\u01b0\u1eddng.<\/p>\n\n\n\n<p>Tr\u1ecbnh Th\u1ecb Thu Th\u01b0\u01a1ng &#8211; Lily Trinh<\/p>\n\n\n\n<p>trinhthuthuong.2711@gmail.com    <\/p>\n\n\n\n<p> <\/p>\n","protected":false},"excerpt":{"rendered":"<p>Blog chia s\u1ebb v\u1ec1 h\u00e0nh tr\u00ecnh l\u00e0m sales logistics. V\u00e0 qu\u00e1 tr\u00ecnh chuy\u1ec3n ho\u00e1 nh\u1eadn th\u1ee9c, qu\u00e1 tr\u00ecnh h\u1ecdc h\u1ecfi kh\u00e1m ph\u00e1 ngh\u1ec1 qu\u1ea3n l\u00fd. Ho\u00e0n thi\u1ec7n b\u1ea3n th\u00e2n. T\u1eed t\u1ebf v\u00e0 khi\u00eam nh\u01b0\u1eddng. Tr\u1ecbnh Th\u1ecb Thu Th\u01b0\u01a1ng &#8211; Lily Trinh trinhthuthuong.2711@gmail.com<\/p>\n","protected":false},"author":1,"featured_media":0,"parent":0,"menu_order":0,"comment_status":"closed","ping_status":"open","template":"","meta":{"footnotes":""},"class_list":["post-2","page","type-page","status-publish","hentry"],"yoast_head":"<!-- This site is optimized with the Yoast SEO plugin v22.8 - https:\/\/yoast.com\/wordpress\/plugins\/seo\/ -->\n<title>Gi\u1edbi thi\u1ec7u - Lily Trinh<\/title>\n<meta name=\"description\" content=\"Blog chia s\u1ebb v\u1ec1 h\u00e0nh tr\u00ecnh l\u00e0m sales logistics. V\u00e0 qu\u00e1 tr\u00ecnh chuy\u1ec3n ho\u00e1 nh\u1eadn th\u1ee9c, qu\u00e1 tr\u00ecnh h\u1ecdc h\u1ecfi kh\u00e1m ph\u00e1 ngh\u1ec1 qu\u1ea3n l\u00fd.\" \/>\n<meta name=\"robots\" content=\"index, follow, max-snippet:-1, max-image-preview:large, max-video-preview:-1\" \/>\n<link rel=\"canonical\" href=\"https:\/\/lilytrinh.com\/?page_id=2\" \/>\n<meta property=\"og:locale\" content=\"en_US\" \/>\n<meta property=\"og:type\" content=\"article\" \/>\n<meta property=\"og:title\" content=\"Gi\u1edbi thi\u1ec7u - Lily Trinh\" \/>\n<meta property=\"og:description\" content=\"Blog chia s\u1ebb v\u1ec1 h\u00e0nh tr\u00ecnh l\u00e0m sales logistics. V\u00e0 qu\u00e1 tr\u00ecnh chuy\u1ec3n ho\u00e1 nh\u1eadn th\u1ee9c, qu\u00e1 tr\u00ecnh h\u1ecdc h\u1ecfi kh\u00e1m ph\u00e1 ngh\u1ec1 qu\u1ea3n l\u00fd.\" \/>\n<meta property=\"og:url\" content=\"https:\/\/lilytrinh.com\/?page_id=2\" \/>\n<meta property=\"og:site_name\" content=\"Lily Trinh\" \/>\n<meta property=\"article:modified_time\" content=\"2024-06-03T11:10:49+00:00\" \/>\n<meta name=\"twitter:card\" content=\"summary_large_image\" \/>\n<meta name=\"twitter:label1\" content=\"Est. reading time\" \/>\n\t<meta name=\"twitter:data1\" content=\"1 minute\" \/>\n<script type=\"application\/ld+json\" class=\"yoast-schema-graph\">{\"@context\":\"https:\/\/schema.org\",\"@graph\":[{\"@type\":\"WebPage\",\"@id\":\"https:\/\/lilytrinh.com\/?page_id=2\",\"url\":\"https:\/\/lilytrinh.com\/?page_id=2\",\"name\":\"Gi\u1edbi thi\u1ec7u - Lily Trinh\",\"isPartOf\":{\"@id\":\"https:\/\/lilytrinh.com\/#website\"},\"datePublished\":\"2024-06-03T07:42:56+00:00\",\"dateModified\":\"2024-06-03T11:10:49+00:00\",\"description\":\"Blog chia s\u1ebb v\u1ec1 h\u00e0nh tr\u00ecnh l\u00e0m sales logistics. V\u00e0 qu\u00e1 tr\u00ecnh chuy\u1ec3n ho\u00e1 nh\u1eadn th\u1ee9c, qu\u00e1 tr\u00ecnh h\u1ecdc h\u1ecfi kh\u00e1m ph\u00e1 ngh\u1ec1 qu\u1ea3n l\u00fd.\",\"breadcrumb\":{\"@id\":\"https:\/\/lilytrinh.com\/?page_id=2#breadcrumb\"},\"inLanguage\":\"en-US\",\"potentialAction\":[{\"@type\":\"ReadAction\",\"target\":[\"https:\/\/lilytrinh.com\/?page_id=2\"]}]},{\"@type\":\"BreadcrumbList\",\"@id\":\"https:\/\/lilytrinh.com\/?page_id=2#breadcrumb\",\"itemListElement\":[{\"@type\":\"ListItem\",\"position\":1,\"name\":\"Home\",\"item\":\"https:\/\/lilytrinh.com\/\"},{\"@type\":\"ListItem\",\"position\":2,\"name\":\"Gi\u1edbi thi\u1ec7u\"}]},{\"@type\":\"WebSite\",\"@id\":\"https:\/\/lilytrinh.com\/#website\",\"url\":\"https:\/\/lilytrinh.com\/\",\"name\":\"Lily Trinh\",\"description\":\"\",\"potentialAction\":[{\"@type\":\"SearchAction\",\"target\":{\"@type\":\"EntryPoint\",\"urlTemplate\":\"https:\/\/lilytrinh.com\/?s={search_term_string}\"},\"query-input\":\"required name=search_term_string\"}],\"inLanguage\":\"en-US\"}]}<\/script>\n<!-- \/ Yoast SEO plugin. -->","yoast_head_json":{"title":"Gi\u1edbi thi\u1ec7u - Lily Trinh","description":"Blog chia s\u1ebb v\u1ec1 h\u00e0nh tr\u00ecnh l\u00e0m sales logistics. V\u00e0 qu\u00e1 tr\u00ecnh chuy\u1ec3n ho\u00e1 nh\u1eadn th\u1ee9c, qu\u00e1 tr\u00ecnh h\u1ecdc h\u1ecfi kh\u00e1m ph\u00e1 ngh\u1ec1 qu\u1ea3n l\u00fd.","robots":{"index":"index","follow":"follow","max-snippet":"max-snippet:-1","max-image-preview":"max-image-preview:large","max-video-preview":"max-video-preview:-1"},"canonical":"https:\/\/lilytrinh.com\/?page_id=2","og_locale":"en_US","og_type":"article","og_title":"Gi\u1edbi thi\u1ec7u - Lily Trinh","og_description":"Blog chia s\u1ebb v\u1ec1 h\u00e0nh tr\u00ecnh l\u00e0m sales logistics. V\u00e0 qu\u00e1 tr\u00ecnh chuy\u1ec3n ho\u00e1 nh\u1eadn th\u1ee9c, qu\u00e1 tr\u00ecnh h\u1ecdc h\u1ecfi kh\u00e1m ph\u00e1 ngh\u1ec1 qu\u1ea3n l\u00fd.","og_url":"https:\/\/lilytrinh.com\/?page_id=2","og_site_name":"Lily Trinh","article_modified_time":"2024-06-03T11:10:49+00:00","twitter_card":"summary_large_image","twitter_misc":{"Est. reading time":"1 minute"},"schema":{"@context":"https:\/\/schema.org","@graph":[{"@type":"WebPage","@id":"https:\/\/lilytrinh.com\/?page_id=2","url":"https:\/\/lilytrinh.com\/?page_id=2","name":"Gi\u1edbi thi\u1ec7u - Lily Trinh","isPartOf":{"@id":"https:\/\/lilytrinh.com\/#website"},"datePublished":"2024-06-03T07:42:56+00:00","dateModified":"2024-06-03T11:10:49+00:00","description":"Blog chia s\u1ebb v\u1ec1 h\u00e0nh tr\u00ecnh l\u00e0m sales logistics. V\u00e0 qu\u00e1 tr\u00ecnh chuy\u1ec3n ho\u00e1 nh\u1eadn th\u1ee9c, qu\u00e1 tr\u00ecnh h\u1ecdc h\u1ecfi kh\u00e1m ph\u00e1 ngh\u1ec1 qu\u1ea3n l\u00fd.","breadcrumb":{"@id":"https:\/\/lilytrinh.com\/?page_id=2#breadcrumb"},"inLanguage":"en-US","potentialAction":[{"@type":"ReadAction","target":["https:\/\/lilytrinh.com\/?page_id=2"]}]},{"@type":"BreadcrumbList","@id":"https:\/\/lilytrinh.com\/?page_id=2#breadcrumb","itemListElement":[{"@type":"ListItem","position":1,"name":"Home","item":"https:\/\/lilytrinh.com\/"},{"@type":"ListItem","position":2,"name":"Gi\u1edbi thi\u1ec7u"}]},{"@type":"WebSite","@id":"https:\/\/lilytrinh.com\/#website","url":"https:\/\/lilytrinh.com\/","name":"Lily Trinh","description":"","potentialAction":[{"@type":"SearchAction","target":{"@type":"EntryPoint","urlTemplate":"https:\/\/lilytrinh.com\/?s={search_term_string}"},"query-input":"required name=search_term_string"}],"inLanguage":"en-US"}]}},"_links":{"self":[{"href":"https:\/\/lilytrinh.com\/index.php?rest_route=\/wp\/v2\/pages\/2","targetHints":{"allow":["GET"]}}],"collection":[{"href":"https:\/\/lilytrinh.com\/index.php?rest_route=\/wp\/v2\/pages"}],"about":[{"href":"https:\/\/lilytrinh.com\/index.php?rest_route=\/wp\/v2\/types\/page"}],"author":[{"embeddable":true,"href":"https:\/\/lilytrinh.com\/index.php?rest_route=\/wp\/v2\/users\/1"}],"replies":[{"embeddable":true,"href":"https:\/\/lilytrinh.com\/index.php?rest_route=%2Fwp%2Fv2%2Fcomments&post=2"}],"version-history":[{"count":1,"href":"https:\/\/lilytrinh.com\/index.php?rest_route=\/wp\/v2\/pages\/2\/revisions"}],"predecessor-version":[{"id":470,"href":"https:\/\/lilytrinh.com\/index.php?rest_route=\/wp\/v2\/pages\/2\/revisions\/470"}],"wp:attachment":[{"href":"https:\/\/lilytrinh.com\/index.php?rest_route=%2Fwp%2Fv2%2Fmedia&parent=2"}],"curies":[{"name":"wp","href":"https:\/\/api.w.org\/{rel}","templated":true}]}}